{"id":17,"date":"2015-09-10T08:34:30","date_gmt":"2015-09-10T05:34:30","guid":{"rendered":"http:\/\/localhost\/ofmgroup\/?page_id=14"},"modified":"2015-11-17T11:07:48","modified_gmt":"2015-11-17T09:07:48","slug":"misyonumuz","status":"publish","type":"page","link":"https:\/\/www.ofmgroup.com.tr\/tr\/misyonumuz\/","title":{"rendered":"Misyonumuz"},"content":{"rendered":"<p>[vc_row][vc_column][vc_column_text]Bir \u015firketin, BUG\u00dcN hangi konumda oldu\u011funu, ne yapt\u0131\u011f\u0131n\u0131 kimin i\u00e7in ve kimlerle nas\u0131l yapt\u0131\u011f\u0131n\u0131 g\u00f6sterir.<\/p>\n<p>Misyonumuz,De\u011ferlerimizden \u00f6d\u00fcn vermeden m\u00fc\u015fteri ve \u00e7al\u0131\u015fan memnuniyetini m\u00fckemmel hale getirerek y\u00fcksek standartlarda hizmet vermek.<\/p>\n<p>.[\/vc_column_text][\/vc_column][\/vc_row]<\/p>\n","protected":false},"excerpt":{"rendered":"<p>[vc_row][vc_column][vc_column_text]Bir \u015firketin, BUG\u00dcN hangi konumda oldu\u011funu, ne yapt\u0131\u011f\u0131n\u0131 kimin i\u00e7in ve kimlerle nas\u0131l yapt\u0131\u011f\u0131n\u0131 g\u00f6sterir. Misyonumuz,De\u011ferlerimizden \u00f6d\u00fcn vermeden m\u00fc\u015fteri ve \u00e7al\u0131\u015fan memnuniyetini m\u00fckemmel hale getirerek y\u00fcksek standartlarda hizmet vermek. .[\/vc_column_text][\/vc_column][\/vc_row]<\/p>\n","protected":false},"author":8,"featured_media":0,"parent":0,"menu_order":0,"comment_status":"closed","ping_status":"closed","template":"","meta":{"_monsterinsights_skip_tracking":false,"_monsterinsights_sitenote_active":false,"_monsterinsights_sitenote_note":"","_monsterinsights_sitenote_category":0,"footnotes":""},"class_list":["post-17","page","type-page","status-publish","hentry"],"aioseo_notices":[],"_links":{"self":[{"href":"https:\/\/www.ofmgroup.com.tr\/tr\/wp-json\/wp\/v2\/pages\/17","targetHints":{"allow":["GET"]}}],"collection":[{"href":"https:\/\/www.ofmgroup.com.tr\/tr\/wp-json\/wp\/v2\/pages"}],"about":[{"href":"https:\/\/www.ofmgroup.com.tr\/tr\/wp-json\/wp\/v2\/types\/page"}],"author":[{"embeddable":true,"href":"https:\/\/www.ofmgroup.com.tr\/tr\/wp-json\/wp\/v2\/users\/8"}],"replies":[{"embeddable":true,"href":"https:\/\/www.ofmgroup.com.tr\/tr\/wp-json\/wp\/v2\/comments?post=17"}],"version-history":[{"count":0,"href":"https:\/\/www.ofmgroup.com.tr\/tr\/wp-json\/wp\/v2\/pages\/17\/revisions"}],"wp:attachment":[{"href":"https:\/\/www.ofmgroup.com.tr\/tr\/wp-json\/wp\/v2\/media?parent=17"}],"curies":[{"name":"wp","href":"https:\/\/api.w.org\/{rel}","templated":true}]}}